{"id":189,"date":"2025-01-12T11:47:44","date_gmt":"2025-01-12T09:47:44","guid":{"rendered":"https:\/\/www.patware.eu\/?page_id=189"},"modified":"2025-06-17T22:06:45","modified_gmt":"2025-06-17T20:06:45","slug":"home","status":"publish","type":"page","link":"https:\/\/www.patware.eu\/de","title":{"rendered":"Home"},"content":{"rendered":"\n<div class=\"wp-block-group alignwide has-medium-font-size has-global-padding is-layout-constrained wp-container-core-group-is-layout-b95bc09d wp-block-group-is-layout-constrained\" style=\"margin-top:0px;margin-bottom:0px;padding-top:var(--wp--preset--spacing--70);padding-right:0;padding-bottom:var(--wp--preset--spacing--50)\">\n<div class=\"wp-block-columns is-layout-flex wp-container-core-columns-is-layout-b9aed2f2 wp-block-columns-is-layout-flex\" style=\"border-radius:0px;margin-top:0;margin-bottom:0;padding-top:0;padding-right:0;padding-bottom:0;padding-left:0\">\n<div class=\"wp-block-column is-layout-flow wp-container-core-column-is-layout-a77db08e wp-block-column-is-layout-flow\">\n<div class=\"wp-block-group is-vertical is-content-justification-center is-layout-flex wp-container-core-group-is-layout-c4fa482d wp-block-group-is-layout-flex\" style=\"padding-right:var(--wp--preset--spacing--30);padding-left:var(--wp--preset--spacing--30)\">\n<figure class=\"wp-block-image size-full\" style=\"margin-top:0;margin-right:var(--wp--preset--spacing--60);margin-bottom:0;margin-left:var(--wp--preset--spacing--60)\"><a href=\"#open-source\"><img loading=\"lazy\" decoding=\"async\" width=\"300\" height=\"300\" src=\"https:\/\/www.patware.eu\/wp-content\/uploads\/2024\/12\/opensource.svg\" alt=\"\" class=\"wp-image-31\" style=\"object-fit:cover\"\/><\/a><\/figure>\n<\/div>\n\n\n\n<div id=\"open-source\" class=\"wp-block-group is-style-default is-vertical is-content-justification-center is-layout-flex wp-container-core-group-is-layout-9d605071 wp-block-group-is-layout-flex\" style=\"margin-top:0;margin-bottom:0;padding-top:var(--wp--preset--spacing--60);padding-bottom:var(--wp--preset--spacing--60)\">\n<h2 class=\"wp-block-heading\" style=\"padding-bottom:var(--wp--preset--spacing--50)\"><strong>Open Source<\/strong><\/h2>\n\n\n\n<p class=\"has-text-align-left\">Entfesseln Sie die Kraft der Open-Source-Technologie mit unseren umfassenden L\u00f6sungen. Unser Expertenteam spezialisiert sich auf die Integration verschiedener Open-Source-Tools, einschlie\u00dflich GitLab\/CI, Nextcloud, Grafana, Proxmox, Univention Active Directory, Docker, OpenProject, Nginx und Linux-Server.<\/p>\n\n\n\n<p>Wir entwickeln ma\u00dfgeschneiderte L\u00f6sungen, die Ihren individuellen Anforderungen entsprechen, egal ob Sie Arbeitsabl\u00e4ufe optimieren, die Zusammenarbeit verbessern oder Kosten senken m\u00f6chten.<\/p>\n\n\n\n<p>Unsere Expertise gew\u00e4hrleistet eine nahtlose Integration in Ihre bestehende IT-Infrastruktur. Mit \u00fcber 30 Jahren Branchenerfahrung haben unsere vielseitigen Experten an verschiedenen Projekten gearbeitet, vom Aufbau kompletter IT-Infrastrukturen f\u00fcr mittelst\u00e4ndische Unternehmen (\u00fcber 200 Mitarbeiter) bis hin zur Behebung komplexer Netzwerkprobleme.<\/p>\n\n\n\n<p>Als Partner auf Ihrer digitalen Transformationsreise nehmen wir uns die Zeit, zu verstehen, was Ihr Unternehmen voranbringt. Durch gemeinsame Brainstorming-Sessions und entspannte Diskussionen decken wir verborgene Verbesserungsm\u00f6glichkeiten auf und entwickeln ma\u00dfgeschneiderte L\u00f6sungen, die mit Ihren Zielen \u00fcbereinstimmen. Unsere Open-Source-Integrationsdienste umfassen:<\/p>\n\n\n\n<ul class=\"wp-block-list is-style-checkmark-list\">\n<li>Aufbau kompletter IT-Infrastrukturen<\/li>\n\n\n\n<li>Migration von propriet\u00e4rer Software zu Open-Source-Alternativen<\/li>\n\n\n\n<li>Integration mehrerer Open-Source-Tools in ein koh\u00e4rentes System<\/li>\n<\/ul>\n<\/div>\n<\/div>\n\n\n\n<div class=\"wp-block-column is-layout-flow wp-block-column-is-layout-flow\">\n<div class=\"wp-block-group is-vertical is-content-justification-center is-layout-flex wp-container-core-group-is-layout-dc172d6c wp-block-group-is-layout-flex\" style=\"padding-right:var(--wp--preset--spacing--30);padding-left:var(--wp--preset--spacing--30)\">\n<figure class=\"wp-block-image size-full\" style=\"margin-right:var(--wp--preset--spacing--60);margin-left:var(--wp--preset--spacing--60)\"><a href=\"#integration\"><img loading=\"lazy\" decoding=\"async\" width=\"300\" height=\"300\" src=\"https:\/\/www.patware.eu\/wp-content\/uploads\/2024\/12\/integration.svg\" alt=\"\" class=\"wp-image-34\"\/><\/a><\/figure>\n<\/div>\n\n\n\n<div id=\"integration\" class=\"wp-block-group is-vertical is-content-justification-center is-layout-flex wp-container-core-group-is-layout-9d605071 wp-block-group-is-layout-flex\" style=\"margin-top:0;margin-bottom:0;padding-top:var(--wp--preset--spacing--60);padding-bottom:var(--wp--preset--spacing--60)\">\n<h2 class=\"wp-block-heading\" style=\"padding-top:0;padding-bottom:var(--wp--preset--spacing--50);padding-left:0\"><strong><strong>Integration<\/strong><\/strong><\/h2>\n\n\n\n<p>Unsere Experten bieten Installations-, Konfigurations- und Fehlerbehebungsdienste f\u00fcr alle oben genannten Open-Source-Tools. Wir optimieren die Leistung und gew\u00e4hrleisten gleichzeitig die Kompatibilit\u00e4t mit Ihren bestehenden Systemen.<\/p>\n\n\n\n<p>Wir arbeiten eng mit Ihnen zusammen, um spezifische Anforderungen zu verstehen und eine ma\u00dfgeschneiderte L\u00f6sung zu entwickeln, die Effizienz und Sicherheit maximiert. Unsere Integrationsdienste umfassen:<\/p>\n\n\n\n<ul class=\"wp-block-list is-style-checkmark-list\">\n<li>Integration von Open-Source-Tools in bestehende Systeme<\/li>\n\n\n\n<li>Installation von Linux-Distributionen (z.B. Ubuntu, Debian)<\/li>\n\n\n\n<li>Konfiguration von Proxmox-Virtualisierungssystemen oder Docker-Containern<\/li>\n<\/ul>\n<\/div>\n<\/div>\n\n\n\n<div class=\"wp-block-column is-layout-flow wp-block-column-is-layout-flow\">\n<div class=\"wp-block-group is-vertical is-content-justification-center is-layout-flex wp-container-core-group-is-layout-dc172d6c wp-block-group-is-layout-flex\" style=\"padding-right:var(--wp--preset--spacing--30);padding-left:var(--wp--preset--spacing--30)\">\n<figure class=\"wp-block-image size-full\" style=\"margin-right:var(--wp--preset--spacing--60);margin-left:var(--wp--preset--spacing--60)\"><a href=\"#consulting\"><img loading=\"lazy\" decoding=\"async\" width=\"300\" height=\"300\" src=\"https:\/\/www.patware.eu\/wp-content\/uploads\/2024\/12\/consulting.svg\" alt=\"\" class=\"wp-image-33\"\/><\/a><\/figure>\n<\/div>\n\n\n\n<div id=\"consulting\" class=\"wp-block-group is-vertical is-content-justification-center is-layout-flex wp-container-core-group-is-layout-9d605071 wp-block-group-is-layout-flex\" style=\"margin-top:0;margin-bottom:0;padding-top:var(--wp--preset--spacing--60);padding-bottom:var(--wp--preset--spacing--60)\">\n<h2 class=\"wp-block-heading\" style=\"padding-bottom:var(--wp--preset--spacing--50)\"><strong><strong>Beratung<\/strong><\/strong><\/h2>\n\n\n\n<p>Von der Beratung zu Open-Source-L\u00f6sungen \u00fcber Netzwerk-Expertise mit Mikrotik bis hin zur Cybersicherheits-Beratung bietet unser Team eine Vielzahl von Dienstleistungen, um Ihnen zu helfen, das Beste aus Ihren gew\u00e4hlten L\u00f6sungen herauszuholen. Wir bieten Expertenberatung f\u00fcr:<\/p>\n\n\n\n<ul class=\"wp-block-list is-style-checkmark-list\">\n<li>Auswahl und Implementierung von Open-Source-Software<\/li>\n\n\n\n<li>Design und Optimierung der Netzwerkarchitektur<\/li>\n\n\n\n<li>Entwicklung und Umsetzung von Cybersicherheitsstrategien<\/li>\n\n\n\n<li>Behebung komplexer Netzwerkprobleme<\/li>\n\n\n\n<li>Bereitstellung kontinuierlicher Unterst\u00fctzung und Wartung f\u00fcr Ihre Systeme<\/li>\n\n\n\n<li>Durchf\u00fchrung von IT-Audits zur Identifizierung von Verbesserungsbereichen<\/li>\n\n\n\n<li>Entwicklung ma\u00dfgeschneiderter Cybersicherheitsstrategien<\/li>\n\n\n\n<li>Bereitstellung von Schulungen zu Open-Source-Tools und bew\u00e4hrten Praktiken<\/li>\n<\/ul>\n<\/div>\n<\/div>\n\n\n\n<div class=\"wp-block-column is-layout-flow wp-block-column-is-layout-flow\">\n<div class=\"wp-block-group is-vertical is-content-justification-center is-layout-flex wp-container-core-group-is-layout-dc172d6c wp-block-group-is-layout-flex\" style=\"padding-right:var(--wp--preset--spacing--30);padding-left:var(--wp--preset--spacing--30)\">\n<figure class=\"wp-block-image size-full\" style=\"margin-right:var(--wp--preset--spacing--60);margin-left:var(--wp--preset--spacing--60)\"><a href=\"#partnership\"><img loading=\"lazy\" decoding=\"async\" width=\"300\" height=\"300\" src=\"https:\/\/www.patware.eu\/wp-content\/uploads\/2024\/12\/partnership.svg\" alt=\"\" class=\"wp-image-32\"\/><\/a><\/figure>\n<\/div>\n\n\n\n<div id=\"partnership\" class=\"wp-block-group is-vertical is-content-justification-center is-layout-flex wp-container-core-group-is-layout-9d605071 wp-block-group-is-layout-flex\" style=\"margin-top:0;margin-bottom:0;padding-top:var(--wp--preset--spacing--60);padding-bottom:var(--wp--preset--spacing--60)\">\n<h2 class=\"wp-block-heading has-text-align-center is-style-default\" style=\"padding-bottom:var(--wp--preset--spacing--50)\"><strong>Partnerschaft und Kontinuit\u00e4t<\/strong><\/h2>\n\n\n\n<p>Wir sind verpflichtet, mit Ihnen als Partner zusammenzuarbeiten, um eine effiziente Nutzung Ihrer IT-Systeme zu gew\u00e4hrleisten.<\/p>\n\n\n\n<p class=\"has-text-align-left\">Durch eine Partnerschaft mit uns profitieren Sie von den Ratschl\u00e4gen unserer Experten, wie Sie Zeit und Geld sparen k\u00f6nnen. Unser Netzwerk von Partnern und Mitarbeitern gew\u00e4hrleistet den Zugang zu neuester Technologie und bew\u00e4hrten Praktiken.<\/p>\n\n\n\n<p>Mit \u00fcber 30 Jahren Erfahrung haben unsere vielseitigen Experten an verschiedenen Projekten gearbeitet, vom Aufbau kompletter IT-Infrastrukturen f\u00fcr mittelst\u00e4ndische Unternehmen (\u00fcber 200 Mitarbeiter) bis hin zur Behebung komplexer Netzwerkprobleme. Wir sind verpflichtet, au\u00dfergew\u00f6hnliche Ergebnisse zu liefern und durch effektive IT-L\u00f6sungen ein hohes Ma\u00df an Benutzerzufriedenheit zu gew\u00e4hrleisten.<\/p>\n\n\n\n<p>Schlie\u00dfen Sie sich uns noch heute an und entdecken Sie die Kraft von Open Source schon morgen!<\/p>\n<\/div>\n<\/div>\n<\/div>\n\n\n\n<details class=\"wp-block-details is-layout-flow wp-block-details-is-layout-flow\"><summary>Wo wir t\u00e4tig sind? Slovenien, Deutschland und online<\/summary>\n<p>PATware ist in mehreren Regionen t\u00e4tig, um unsere Kunden effektiv zu betreuen. Wir haben eine starke Pr\u00e4senz in Slowenien und Deutschland und bieten lokale Expertise und Unterst\u00fctzung f\u00fcr Unternehmen in diesen M\u00e4rkten. Dar\u00fcber hinaus bieten wir unsere umfassenden IT-Services online an, wodurch wir mit Kunden weltweit arbeiten k\u00f6nnen, unabh\u00e4ngig von ihrem geografischen Standort. Unser flexibler Ansatz gew\u00e4hrleistet, dass Sie sowohl als lokales Unternehmen als auch als internationales Unternehmen von unserer Expertise in Open-Source-L\u00f6sungen, Netzwerkinfrastruktur und Cybersicherheitsdiensten profitieren k\u00f6nnen.<\/p>\n<\/details>\n<\/div>\n","protected":false},"excerpt":{"rendered":"<p>Open Source Entfesseln Sie die Kraft der Open-Source-Technologie mit unseren umfassenden L\u00f6sungen. Unser Expertenteam spezialisiert sich auf die Integration verschiedener Open-Source-Tools, einschlie\u00dflich GitLab\/CI, Nextcloud, Grafana, Proxmox, Univention Active Directory, Docker, OpenProject, Nginx und Linux-Server. Wir entwickeln ma\u00dfgeschneiderte L\u00f6sungen, die Ihren individuellen Anforderungen entsprechen, egal ob Sie Arbeitsabl\u00e4ufe optimieren, die Zusammenarbeit verbessern oder Kosten senken m\u00f6chten. [&hellip;]<\/p>\n","protected":false},"author":1,"featured_media":0,"parent":0,"menu_order":0,"comment_status":"closed","ping_status":"closed","template":"page-no-title","meta":{"footnotes":""},"class_list":["post-189","page","type-page","status-publish","hentry"],"_links":{"self":[{"href":"https:\/\/www.patware.eu\/de\/wp-json\/wp\/v2\/pages\/189","targetHints":{"allow":["GET"]}}],"collection":[{"href":"https:\/\/www.patware.eu\/de\/wp-json\/wp\/v2\/pages"}],"about":[{"href":"https:\/\/www.patware.eu\/de\/wp-json\/wp\/v2\/types\/page"}],"author":[{"embeddable":true,"href":"https:\/\/www.patware.eu\/de\/wp-json\/wp\/v2\/users\/1"}],"replies":[{"embeddable":true,"href":"https:\/\/www.patware.eu\/de\/wp-json\/wp\/v2\/comments?post=189"}],"version-history":[{"count":8,"href":"https:\/\/www.patware.eu\/de\/wp-json\/wp\/v2\/pages\/189\/revisions"}],"predecessor-version":[{"id":229,"href":"https:\/\/www.patware.eu\/de\/wp-json\/wp\/v2\/pages\/189\/revisions\/229"}],"wp:attachment":[{"href":"https:\/\/www.patware.eu\/de\/wp-json\/wp\/v2\/media?parent=189"}],"curies":[{"name":"wp","href":"https:\/\/api.w.org\/{rel}","templated":true}]}}