{"id":185,"date":"2025-01-12T11:47:44","date_gmt":"2025-01-12T09:47:44","guid":{"rendered":"https:\/\/www.patware.eu\/?page_id=185"},"modified":"2025-06-17T22:09:56","modified_gmt":"2025-06-17T20:09:56","slug":"home-slovenian","status":"publish","type":"page","link":"https:\/\/www.patware.eu\/sl","title":{"rendered":"Home"},"content":{"rendered":"\n<div class=\"wp-block-group alignwide has-medium-font-size has-global-padding is-layout-constrained wp-container-core-group-is-layout-834a090f wp-block-group-is-layout-constrained\" style=\"margin-top:0;margin-bottom:0;padding-top:var(--wp--preset--spacing--70);padding-right:0;padding-bottom:var(--wp--preset--spacing--50)\">\n<div class=\"wp-block-columns is-layout-flex wp-container-core-columns-is-layout-b9aed2f2 wp-block-columns-is-layout-flex\" style=\"border-radius:0px;margin-top:0;margin-bottom:0;padding-top:0;padding-right:0;padding-bottom:0;padding-left:0\">\n<div class=\"wp-block-column is-layout-flow wp-container-core-column-is-layout-a77db08e wp-block-column-is-layout-flow\">\n<div class=\"wp-block-group is-vertical is-content-justification-center is-layout-flex wp-container-core-group-is-layout-c4fa482d wp-block-group-is-layout-flex\" style=\"padding-right:var(--wp--preset--spacing--30);padding-left:var(--wp--preset--spacing--30)\">\n<figure class=\"wp-block-image size-full\" style=\"margin-top:0;margin-right:var(--wp--preset--spacing--60);margin-bottom:0;margin-left:var(--wp--preset--spacing--60)\"><a href=\"#open-source\"><img loading=\"lazy\" decoding=\"async\" width=\"300\" height=\"300\" src=\"https:\/\/www.patware.eu\/wp-content\/uploads\/2024\/12\/opensource.svg\" alt=\"\" class=\"wp-image-31\" style=\"object-fit:cover\"\/><\/a><\/figure>\n<\/div>\n\n\n\n<div id=\"open-source\" class=\"wp-block-group is-style-default is-vertical is-content-justification-center is-layout-flex wp-container-core-group-is-layout-9d605071 wp-block-group-is-layout-flex\" style=\"margin-top:0;margin-bottom:0;padding-top:var(--wp--preset--spacing--60);padding-bottom:var(--wp--preset--spacing--60)\">\n<h2 class=\"wp-block-heading\" style=\"padding-bottom:var(--wp--preset--spacing--50)\"><strong>Odprta koda<\/strong><\/h2>\n\n\n\n<p class=\"has-text-align-left\">Odklenite mo\u010d odprtokodne tehnologije z na\u0161imi celovitimi re\u0161itvami. Na\u0161a ekipa strokovnjakov se specializira za integracijo razli\u010dnih odprtokodnih orodij, vklju\u010dno z GitLab\/CI, Nextcloud, Grafana, Proxmox, Univention Active Directory, Docker, OpenProject, Nginx in Linux stre\u017eniki.<\/p>\n\n\n\n<p>Ustvarjamo prilagojene re\u0161itve, ki ustrezajo va\u0161im edinstvenim potrebam, ne glede na to, ali \u017eelite poenostaviti delovni tok, izbolj\u0161ati sodelovanje ali zni\u017eati stro\u0161ke.<\/p>\n\n\n\n<p>Na\u0161a strokovnost zagotavlja brezhibno integracijo z va\u0161o obstoje\u010do IT infrastrukturo. Z ve\u010d kot 30 leti izku\u0161enj v industriji so na\u0161i vsestranski strokovnjaki delali na razli\u010dnih projektih, od vzpostavljanja celotnih IT infrastruktur za srednje velika podjetja (ve\u010d kot 200 zaposlenih) do odpravljanja zapletenih omre\u017enih te\u017eav.<\/p>\n\n\n\n<p>Kot partner na va\u0161i poti digitalne transformacije si vzamemo \u010das, da razumemo, kaj \u017eene va\u0161e podjetje naprej. Z vzajemnimi mo\u017eganskimi neurji in spro\u0161\u010denimi razpravami odkrivamo skrite prilo\u017enosti za izbolj\u0161ave in razvijamo prilagojene re\u0161itve, ki se skladajo z va\u0161imi cilji.<br><\/p>\n\n\n\n<p>Na\u0161e storitve integracije odprtokodnih re\u0161itev vklju\u010dujejo:<\/p>\n\n\n\n<ul class=\"wp-block-list is-style-checkmark-list\">\n<li>Vzpostavljanje celotnih IT infrastruktur<\/li>\n\n\n\n<li>Migracija iz lastni\u0161ke programske opreme na odprtokodne alternative<\/li>\n\n\n\n<li>Integracija ve\u010d odprtokodnih orodij v celovit sistem<\/li>\n<\/ul>\n<\/div>\n<\/div>\n\n\n\n<div class=\"wp-block-column is-layout-flow wp-block-column-is-layout-flow\">\n<div class=\"wp-block-group is-vertical is-content-justification-center is-layout-flex wp-container-core-group-is-layout-dc172d6c wp-block-group-is-layout-flex\" style=\"padding-right:var(--wp--preset--spacing--30);padding-left:var(--wp--preset--spacing--30)\">\n<figure class=\"wp-block-image size-full\" style=\"margin-right:var(--wp--preset--spacing--60);margin-left:var(--wp--preset--spacing--60)\"><a href=\"#integration\"><img loading=\"lazy\" decoding=\"async\" width=\"300\" height=\"300\" src=\"https:\/\/www.patware.eu\/wp-content\/uploads\/2024\/12\/integration.svg\" alt=\"\" class=\"wp-image-34\"\/><\/a><\/figure>\n<\/div>\n\n\n\n<div id=\"integration\" class=\"wp-block-group is-vertical is-content-justification-center is-layout-flex wp-container-core-group-is-layout-9d605071 wp-block-group-is-layout-flex\" style=\"margin-top:0;margin-bottom:0;padding-top:var(--wp--preset--spacing--60);padding-bottom:var(--wp--preset--spacing--60)\">\n<h2 class=\"wp-block-heading\" style=\"padding-top:0;padding-bottom:var(--wp--preset--spacing--50);padding-left:0\"><strong>Integracija<\/strong><\/h2>\n\n\n\n<p>Na\u0161i strokovnjaki zagotavljajo storitve namestitve, konfiguracije in odpravljanja te\u017eav za vsa zgoraj omenjena odprtokodna orodja. Optimiziramo delovanje ob zagotavljanju zdru\u017eljivosti z va\u0161imi obstoje\u010dimi sistemi.<\/p>\n\n\n\n<p>Tesno sodelujemo z vami, da razumemo specifi\u010dne potrebe in razvijemo prilagojeno re\u0161itev, ki maksimizira u\u010dinkovitost in varnost. Na\u0161e integracijske storitve vklju\u010dujejo:<\/p>\n\n\n\n<ul class=\"wp-block-list is-style-checkmark-list\">\n<li>Integracijo odprtokodnih orodij v obstoje\u010de sisteme<\/li>\n\n\n\n<li>Namestitev Linux distribucij (npr. Ubuntu, Debian)<\/li>\n\n\n\n<li>Konfiguracijo Proxmox virtualnih sistemov ali Docker kontejnerjev<\/li>\n<\/ul>\n<\/div>\n<\/div>\n\n\n\n<div class=\"wp-block-column is-layout-flow wp-block-column-is-layout-flow\">\n<div class=\"wp-block-group is-vertical is-content-justification-center is-layout-flex wp-container-core-group-is-layout-dc172d6c wp-block-group-is-layout-flex\" style=\"padding-right:var(--wp--preset--spacing--30);padding-left:var(--wp--preset--spacing--30)\">\n<figure class=\"wp-block-image size-full\" style=\"margin-right:var(--wp--preset--spacing--60);margin-left:var(--wp--preset--spacing--60)\"><a href=\"#consulting\"><img loading=\"lazy\" decoding=\"async\" width=\"300\" height=\"300\" src=\"https:\/\/www.patware.eu\/wp-content\/uploads\/2024\/12\/consulting.svg\" alt=\"\" class=\"wp-image-33\"\/><\/a><\/figure>\n<\/div>\n\n\n\n<div id=\"consulting\" class=\"wp-block-group is-vertical is-content-justification-center is-layout-flex wp-container-core-group-is-layout-9d605071 wp-block-group-is-layout-flex\" style=\"margin-top:0;margin-bottom:0;padding-top:var(--wp--preset--spacing--60);padding-bottom:var(--wp--preset--spacing--60)\">\n<h2 class=\"wp-block-heading\" style=\"padding-bottom:var(--wp--preset--spacing--50)\"><strong>Svetovanje<\/strong><\/h2>\n\n\n\n<p>Od svetovanja o odprtokodnih re\u0161itvah do omre\u017ene strokovnosti z uporabo Mikrotik ali navodil za kibernetsko varnost, na\u0161a ekipa ponuja vrsto storitev, ki vam pomagajo maksimalno izkoristiti va\u0161e izbrane re\u0161itve. Zagotavljamo strokovne nasvete za:<\/p>\n\n\n\n<ul class=\"wp-block-list is-style-checkmark-list\">\n<li>Izbiro in implementacijo odprtokodne programske opreme<\/li>\n\n\n\n<li>Na\u010drtovanje in optimizacijo omre\u017ene arhitekture<\/li>\n\n\n\n<li>Razvoj in izvajanje strategije kibernetske varnosti<\/li>\n\n\n\n<li>Odpravljanje zapletenih omre\u017enih te\u017eav<\/li>\n\n\n\n<li>Nudenje stalne podpore in vzdr\u017eevanja za va\u0161e sisteme<\/li>\n\n\n\n<li>Izvajanje IT revizij za identifikacijo podro\u010dij za izbolj\u0161ave<\/li>\n\n\n\n<li>Razvijanje prilagojenih strategij kibernetske varnosti<\/li>\n\n\n\n<li>Zagotavljanje usposabljanja o odprtokodnih orodjih in najbolj\u0161ih praksahs<\/li>\n<\/ul>\n<\/div>\n<\/div>\n\n\n\n<div class=\"wp-block-column is-layout-flow wp-block-column-is-layout-flow\">\n<div class=\"wp-block-group is-vertical is-content-justification-center is-layout-flex wp-container-core-group-is-layout-dc172d6c wp-block-group-is-layout-flex\" style=\"padding-right:var(--wp--preset--spacing--30);padding-left:var(--wp--preset--spacing--30)\">\n<figure class=\"wp-block-image size-full\" style=\"margin-right:var(--wp--preset--spacing--60);margin-left:var(--wp--preset--spacing--60)\"><a href=\"#partnership\"><img loading=\"lazy\" decoding=\"async\" width=\"300\" height=\"300\" src=\"https:\/\/www.patware.eu\/wp-content\/uploads\/2024\/12\/partnership.svg\" alt=\"\" class=\"wp-image-32\"\/><\/a><\/figure>\n<\/div>\n\n\n\n<div id=\"partnership\" class=\"wp-block-group is-vertical is-content-justification-center is-layout-flex wp-container-core-group-is-layout-9d605071 wp-block-group-is-layout-flex\" style=\"margin-top:0;margin-bottom:0;padding-top:var(--wp--preset--spacing--60);padding-bottom:var(--wp--preset--spacing--60)\">\n<h2 class=\"wp-block-heading has-text-align-center is-style-default\" style=\"padding-bottom:var(--wp--preset--spacing--50)\"><strong>Sodelovanje za prihodnost<\/strong><\/h2>\n\n\n\n<p>Zavezani smo k sodelovanju z vami kot partnerji za zagotavljanje u\u010dinkovite uporabe va\u0161ih IT sistemov.<\/p>\n\n\n\n<p class=\"has-text-align-left\">S partnerstvom z nami boste imeli koristi od nasvetov na\u0161ih strokovnjakov o tem, kako prihraniti \u010das in denar. Na\u0161a mre\u017ea partnerjev in sodelavcev zagotavlja dostop do najnovej\u0161e tehnologije in najbolj\u0161ih praks.<\/p>\n\n\n\n<p>Z ve\u010d kot 30 leti izku\u0161enj so na\u0161i vsestranski strokovnjaki delali na razli\u010dnih projektih, od vzpostavljanja celotnih IT infrastruktur za srednje velika podjetja (ve\u010d kot 200 zaposlenih) do odpravljanja zapletenih omre\u017enih te\u017eav. Zavezani smo k doseganju izjemnih rezultatov in zagotavljanju visoke ravni zadovoljstva uporabnikov z u\u010dinkovitimi IT re\u0161itvami.<\/p>\n\n\n\n<p>Pridru\u017eite se nam \u0161e danes in odkrijte mo\u010d odprtokodnih re\u0161itev \u017ee jutri!<\/p>\n<\/div>\n<\/div>\n<\/div>\n\n\n\n<details class=\"wp-block-details is-layout-flow wp-block-details-is-layout-flow\"><summary>Kjer delujemo? Sloveniji, Nem\u010diji in splet<\/summary>\n<p>PATware deluje v ve\u010d regijah, da lahko u\u010dinkovito slu\u017eimo na\u0161im strankam. Imamo mo\u010dno prisotnost v Sloveniji in Nem\u010diji, kjer zagotavljamo lokalno strokovnost in podporo podjetjem na teh trgih. Poleg tega ponujamo na\u0161e celovite IT storitve preko spleta, kar nam omogo\u010da sodelovanje s strankami po vsem svetu ne glede na njihovo geografsko lokacijo. Na\u0161 prilagodljiv pristop zagotavlja, da lahko tako lokalna kot mednarodna podjetja izkoristijo na\u0161o strokovnost na podro\u010dju odprtokodnih re\u0161itev, omre\u017ene infrastrukture in storitev kibernetske varnosti.<\/p>\n<\/details>\n<\/div>\n","protected":false},"excerpt":{"rendered":"<p>Odprta koda Odklenite mo\u010d odprtokodne tehnologije z na\u0161imi celovitimi re\u0161itvami. Na\u0161a ekipa strokovnjakov se specializira za integracijo razli\u010dnih odprtokodnih orodij, vklju\u010dno z GitLab\/CI, Nextcloud, Grafana, Proxmox, Univention Active Directory, Docker, OpenProject, Nginx in Linux stre\u017eniki. Ustvarjamo prilagojene re\u0161itve, ki ustrezajo va\u0161im edinstvenim potrebam, ne glede na to, ali \u017eelite poenostaviti delovni tok, izbolj\u0161ati sodelovanje ali [&hellip;]<\/p>\n","protected":false},"author":1,"featured_media":0,"parent":0,"menu_order":0,"comment_status":"closed","ping_status":"closed","template":"page-no-title","meta":{"footnotes":""},"class_list":["post-185","page","type-page","status-publish","hentry"],"_links":{"self":[{"href":"https:\/\/www.patware.eu\/sl\/wp-json\/wp\/v2\/pages\/185","targetHints":{"allow":["GET"]}}],"collection":[{"href":"https:\/\/www.patware.eu\/sl\/wp-json\/wp\/v2\/pages"}],"about":[{"href":"https:\/\/www.patware.eu\/sl\/wp-json\/wp\/v2\/types\/page"}],"author":[{"embeddable":true,"href":"https:\/\/www.patware.eu\/sl\/wp-json\/wp\/v2\/users\/1"}],"replies":[{"embeddable":true,"href":"https:\/\/www.patware.eu\/sl\/wp-json\/wp\/v2\/comments?post=185"}],"version-history":[{"count":6,"href":"https:\/\/www.patware.eu\/sl\/wp-json\/wp\/v2\/pages\/185\/revisions"}],"predecessor-version":[{"id":231,"href":"https:\/\/www.patware.eu\/sl\/wp-json\/wp\/v2\/pages\/185\/revisions\/231"}],"wp:attachment":[{"href":"https:\/\/www.patware.eu\/sl\/wp-json\/wp\/v2\/media?parent=185"}],"curies":[{"name":"wp","href":"https:\/\/api.w.org\/{rel}","templated":true}]}}